{"id":1088,"date":"2018-10-06T18:25:36","date_gmt":"2018-10-06T16:25:36","guid":{"rendered":"http:\/\/ichsingdannmalweg.de\/?page_id=1088"},"modified":"2026-02-20T12:43:08","modified_gmt":"2026-02-20T10:43:08","slug":"referenzen","status":"publish","type":"page","link":"https:\/\/ichsingdannmalweg.de\/?page_id=1088","title":{"rendered":"Referenzen"},"content":{"rendered":"<p><strong>St\u00e4dtischen Musikschule Speyer<\/strong><br \/>\n&#8211; seit 2015 einzelne Workshops mit verschiedenen Schwerpunkten und fortlaufende Kurse<br \/>\n<em>Jugendliche und ErwachsenenGruppen<\/em><\/p>\n<p><strong>Chorverband der Pfalz<\/strong><br \/>\n&#8211; Fortbildung f\u00fcr Chors\u00e4ngerInnen (Stimmbildung)<br \/>\n&#8211; ChorCoaching &#8211; Stimmbildung f\u00fcr Ch\u00f6re<\/p>\n<p><strong>JazzWorkshop Jazz!Evau Kaiserslautern<\/strong><br \/>\n3-t\u00e4giger Workshop Interpretation und Improvisation<br \/>\n<i>JazzGesang f\u00fcr Newcomer<\/i><\/p>\n<p><strong>JazzWorkshop Trier<\/strong><br \/>\n4-t\u00e4giger Workshop Circlesingen und JazzChorArrangements<br \/>\n<i>Erwachsene mit\u00a0Chorerfahrung<\/i><\/p>\n<p><strong>Kindertagesst\u00e4tte WoLa<\/strong> in Speyer &#8211; <em>HalbtagesWorkshop<\/em><br \/>\n&#8211; Circlesingen und Chorimprovisation zur Inspiration f\u00fcr das Singen mit Kindern\u00a0 <em>(ErzieherInnen)<\/em><\/p>\n<p><strong>Verbandsgemeinde Freinsheim<\/strong>\u00a0 &#8211; <em>2std-Workshop<\/em><br \/>\n&#8211; Circlesingen und Chorimprovisation im Rahmen eines Seminartages \u00a0<em>(Mitarbeiter der Kindertagesst\u00e4tten)<\/em><\/p>\n<p><strong>Kindertagesst\u00e4tte WoLa<\/strong> in Speyer &#8211; <em>HalbtagesWorkshop<\/em><br \/>\n&#8211; Circlesingen und Chorimprovisation zur Inspiration f\u00fcr das Singen mit Kindern\u00a0 <em>(ErzieherInnen)<\/em><\/p>\n<p><strong>Ver.di Frauenreferat<\/strong> <em>&#8222;Klausurtagung &#8211; Jede Stimme z\u00e4hlt&#8220; 1,5-Workshop <\/em><br \/>\n&#8211; Teambuilding \u00fcber Circlesingen und Chorimprovisation \u00a0<em>(Teilnehmerinnen im der Klausurtagung)<\/em><\/p>\n<p><strong>August-Bender-Schule in Mosbach<\/strong><em> &#8211; Seminartag<br \/>\n<\/em>&#8211; Circlesingen und Stimmgesundheit,<br \/>\nUnterschiede Kinderstimme &#8211; Erwachsene Stimme<em><br \/>\n(<\/em><em>Erzieher Auszubildende und ErzieherInnen im praktischen Jahr)<br \/>\n<\/em><strong><br \/>\nKinderzentrum Oggersheim<\/strong> &#8211; <em>Studientag<br \/>\n<\/em>\u00a0&#8211; Teambuilding mit Circlesingen und Chorimprovisation<em><br \/>\nGemischte Gruppe von Menschen die in der Kinder und Erwachsenenbildung t\u00e4tig sind<br \/>\n<\/em><strong><br \/>\nRobert Schumann Integrierte Gesamtschule<\/strong> in Frankenthal &#8211;<em> Studientag<br \/>\n<\/em>Gesundheitsf\u00f6rderung durch Singen &#8211; Stimmschonung im Lehreralltag<em><br \/>\nLehrerInnen<\/em><\/p>\n<p><strong>Historisches Museum der Pfalz Speyer<\/strong><em> &#8211; Lesefest<\/em><br \/>\n<em>&#8211; Circlesingen mit den Besuchern im Innenhof<\/em><\/p>\n<p><strong>Gesamtschule IGSLO Ludwigshafen<\/strong><br \/>\nSingspa\u00df \u2013 Stimmtraining \u2013 Bodypercussion \u2013 B\u00fchnenpr\u00e4senz<br \/>\n<em>Workshop f\u00fcr 50 Chorkinder<\/em><\/p>\n<p><strong>Singen im Grynen<\/strong> &#8211; Stadt Speyer <em>&#8218;Das Gryne Band &#8211; Kultur und Natur&#8216;<\/em><br \/>\nCiclesingen im Adenauerpark Erwachsene und Kinder<\/p>\n<p><strong>Diakonisches Werk Ev. Kirche &#8211;\u00a0<\/strong> Mannheim<br \/>\n<em>Sommerfest Outdoor; Mitarbeiterfest Konkordienkirche<br \/>\n<\/em>30 Minuten SingWarmUp<br \/>\n<em>Mitarbeiter:innen der ev.Kirche ca 100 Personen<\/em><\/p>\n<p><strong>Gymnasium am Kaiserdom &#8211;<\/strong><em> Studientag<br \/>\n<\/em>Gesundheitsf\u00f6rderung durch Singen &#8211; Stimmschonung im Lehreralltag<em><br \/>\nLehrerInnen<\/em><\/p>\n<p><strong>Netzwerk Kindeswohl und Kindergesundheit<\/strong> &#8211; Konferenz<br \/>\nSingen im Rahmenprogramm zur F\u00f6rderung der Resilienz<br \/>\n<em>TeilnehmerInnen ca 120 Personen<\/em><\/p>\n","protected":false},"excerpt":{"rendered":"<p>St\u00e4dtischen Musikschule Speyer &#8211; seit 2015 einzelne Workshops mit verschiedenen Schwerpunkten und fortlaufende Kurse Jugendliche und ErwachsenenGruppen Chorverband der Pfalz &#8211; Fortbildung f\u00fcr Chors\u00e4ngerInnen (Stimmbildung) &#8211; ChorCoaching &#8211; Stimmbildung f\u00fcr Ch\u00f6re JazzWorkshop Jazz!Evau Kaiserslautern 3-t\u00e4giger Workshop Interpretation und Improvisation JazzGesang f\u00fcr Newcomer JazzWorkshop Trier 4-t\u00e4giger Workshop Circlesingen und JazzChorArrangements Erwachsene mit\u00a0Chorerfahrung Kindertagesst\u00e4tte WoLa in Speyer &hellip; <\/p>\n<p class=\"link-more\"><a href=\"https:\/\/ichsingdannmalweg.de\/?page_id=1088\" class=\"more-link\"><span class=\"screen-reader-text\">\u201eReferenzen\u201c <\/span>weiterlesen<\/a><\/p>\n","protected":false},"author":1,"featured_media":0,"parent":0,"menu_order":0,"comment_status":"closed","ping_status":"closed","template":"","meta":{"footnotes":""},"class_list":["post-1088","page","type-page","status-publish","hentry"],"_links":{"self":[{"href":"https:\/\/ichsingdannmalweg.de\/index.php?rest_route=\/wp\/v2\/pages\/1088","targetHints":{"allow":["GET"]}}],"collection":[{"href":"https:\/\/ichsingdannmalweg.de\/index.php?rest_route=\/wp\/v2\/pages"}],"about":[{"href":"https:\/\/ichsingdannmalweg.de\/index.php?rest_route=\/wp\/v2\/types\/page"}],"author":[{"embeddable":true,"href":"https:\/\/ichsingdannmalweg.de\/index.php?rest_route=\/wp\/v2\/users\/1"}],"replies":[{"embeddable":true,"href":"https:\/\/ichsingdannmalweg.de\/index.php?rest_route=%2Fwp%2Fv2%2Fcomments&post=1088"}],"version-history":[{"count":12,"href":"https:\/\/ichsingdannmalweg.de\/index.php?rest_route=\/wp\/v2\/pages\/1088\/revisions"}],"predecessor-version":[{"id":1996,"href":"https:\/\/ichsingdannmalweg.de\/index.php?rest_route=\/wp\/v2\/pages\/1088\/revisions\/1996"}],"wp:attachment":[{"href":"https:\/\/ichsingdannmalweg.de\/index.php?rest_route=%2Fwp%2Fv2%2Fmedia&parent=1088"}],"curies":[{"name":"wp","href":"https:\/\/api.w.org\/{rel}","templated":true}]}}