{"id":11,"date":"2015-08-31T15:09:24","date_gmt":"2015-08-31T15:09:24","guid":{"rendered":"http:\/\/ichsingdannmalweg.de\/?page_id=11"},"modified":"2026-02-20T12:46:17","modified_gmt":"2026-02-20T10:46:17","slug":"ueber-mich","status":"publish","type":"page","link":"https:\/\/ichsingdannmalweg.de\/?page_id=11","title":{"rendered":"Jutta Brandl"},"content":{"rendered":"<p><a href=\"http:\/\/ichsingdannmalweg.de\/wp-content\/uploads\/2026\/02\/DSC01241-scaled-e1771584341832.jpg\"><img loading=\"lazy\" decoding=\"async\" class=\"wp-image-1997 size-thumbnail alignleft\" src=\"http:\/\/ichsingdannmalweg.de\/wp-content\/uploads\/2026\/02\/DSC01241-scaled-e1771584341832-150x150.jpg\" alt=\"\" width=\"150\" height=\"150\" srcset=\"https:\/\/ichsingdannmalweg.de\/wp-content\/uploads\/2026\/02\/DSC01241-scaled-e1771584341832-150x150.jpg 150w, https:\/\/ichsingdannmalweg.de\/wp-content\/uploads\/2026\/02\/DSC01241-scaled-e1771584341832-100x100.jpg 100w\" sizes=\"auto, (max-width: 150px) 100vw, 150px\" \/><\/a>Ich bin Jazzs\u00e4ngerin, Gesangsdozentin, MC-Circlesongs und Stegreifcoach.<br \/>\nMit meinen eigenen Bands und als Solistin konzertiere ich seit den 1980er Jahren im In- und Ausland.<br \/>\nInfos dar\u00fcber gibt es hier: <a href=\"http:\/\/juttabrandl.com\/\">www.juttabrandl.com<\/a><\/p>\n<p><span style=\"font-size: medium;\">Neben meiner Konzertt\u00e4tigkeit als Gesangssolistin unterrichte ich seit vielen Jahren Gesang im Jazz- und Popularmusikbereich.<br \/>\nSeit einigen Jahren besch\u00e4ftige ich mich\u00a0 mit improvisierter Chormusik. Zun\u00e4chst als Teilnehmerin,\u00a0 sp\u00e4ter als Dozentin von verschiedenen Circle- workshops. Meine Kenntnisse konnte ich in meiner\u00a0 Ausbildung zum <a href=\"http:\/\/www.stegreif-coach.ch\/stegreifcoach.html\">Stegreif-Coach<\/a>\u00a0und verschiedenen MasterClasses in Circlesinging vertiefen.<br \/>\n<\/span><\/p>\n<p><span style=\"font-size: medium;\">Irgendwas \u201emacht\u201c das Singen von vielen Stimmen mit mir, trifft mich im Innern noch mehr als Instrumentalmusik. Gesang von vielen Stimmen\/Chorgesang ber\u00fchrt mich schon allein beim Zuh\u00f6ren. Das\u00a0<span style=\"font-size: medium;\"> gemeinsame Singen und Improvisieren empfand ich von Anfang an als sehr wohltuend und entspannend. <\/span><\/span><\/p>\n<p><span style=\"font-size: medium;\">\u00a0Was mich gleich zu Anfang sehr fasziniert hat war, dass Improvisation auch funktionieren kann, wenn Menschen mit ganz unterschiedlichen musikalischen Voraussetzungen zusammen singen. Und dass auch ganz unsichere Teilnehmer sich wohlf\u00fchlen und aus sich rausgehen k\u00f6nnen, ja am Ende oft sogar ein Solo wagen. Vorausgesetzt es ist jemand da, der die Gruppe anleitet.<br \/>\n<\/span><\/p>\n<p><span style=\"font-size: medium;\">Ich m\u00f6chte dieses Wohlgef\u00fchl, das man beim gemeinsamen Singen erlebt weitergeben\/vermitteln. Mir f\u00e4llt zunehmend auf, dass viele meiner Gesangssch\u00fcler \u201ebeengt\u201c bzw \u201eunfrei\u201c singen. Sie finden ihren eigenen Ton \/ ihre eigenen Stimme nicht. K\u00f6nnen sich nicht \u00f6ffnen f\u00fcr die eigene Stimme, haben kein Vertrauen. <\/span><\/p>\n<p><span style=\"font-size: medium;\">Ich glaube, dass das Circlesingen dabei sehr helfen kann&#8230;. Und: es ist einfach sch\u00f6n und macht gl\u00fccklich! Nicht zuletzt auch mich! \ud83d\ude09<\/span><\/p>\n","protected":false},"excerpt":{"rendered":"<p>Ich bin Jazzs\u00e4ngerin, Gesangsdozentin, MC-Circlesongs und Stegreifcoach. Mit meinen eigenen Bands und als Solistin konzertiere ich seit den 1980er Jahren im In- und Ausland. Infos dar\u00fcber gibt es hier: www.juttabrandl.com Neben meiner Konzertt\u00e4tigkeit als Gesangssolistin unterrichte ich seit vielen Jahren Gesang im Jazz- und Popularmusikbereich. Seit einigen Jahren besch\u00e4ftige ich mich\u00a0 mit improvisierter Chormusik. Zun\u00e4chst &hellip; <\/p>\n<p class=\"link-more\"><a href=\"https:\/\/ichsingdannmalweg.de\/?page_id=11\" class=\"more-link\"><span class=\"screen-reader-text\">\u201eJutta Brandl\u201c <\/span>weiterlesen<\/a><\/p>\n","protected":false},"author":1,"featured_media":0,"parent":0,"menu_order":4,"comment_status":"closed","ping_status":"closed","template":"","meta":{"footnotes":""},"class_list":["post-11","page","type-page","status-publish","hentry"],"_links":{"self":[{"href":"https:\/\/ichsingdannmalweg.de\/index.php?rest_route=\/wp\/v2\/pages\/11","targetHints":{"allow":["GET"]}}],"collection":[{"href":"https:\/\/ichsingdannmalweg.de\/index.php?rest_route=\/wp\/v2\/pages"}],"about":[{"href":"https:\/\/ichsingdannmalweg.de\/index.php?rest_route=\/wp\/v2\/types\/page"}],"author":[{"embeddable":true,"href":"https:\/\/ichsingdannmalweg.de\/index.php?rest_route=\/wp\/v2\/users\/1"}],"replies":[{"embeddable":true,"href":"https:\/\/ichsingdannmalweg.de\/index.php?rest_route=%2Fwp%2Fv2%2Fcomments&post=11"}],"version-history":[{"count":23,"href":"https:\/\/ichsingdannmalweg.de\/index.php?rest_route=\/wp\/v2\/pages\/11\/revisions"}],"predecessor-version":[{"id":1998,"href":"https:\/\/ichsingdannmalweg.de\/index.php?rest_route=\/wp\/v2\/pages\/11\/revisions\/1998"}],"wp:attachment":[{"href":"https:\/\/ichsingdannmalweg.de\/index.php?rest_route=%2Fwp%2Fv2%2Fmedia&parent=11"}],"curies":[{"name":"wp","href":"https:\/\/api.w.org\/{rel}","templated":true}]}}