{"id":1271,"date":"2019-02-06T13:34:21","date_gmt":"2019-02-06T11:34:21","guid":{"rendered":"http:\/\/ichsingdannmalweg.de\/?page_id=1271"},"modified":"2025-04-01T19:34:18","modified_gmt":"2025-04-01T17:34:18","slug":"gesangsunterricht","status":"publish","type":"page","link":"https:\/\/ichsingdannmalweg.de\/?page_id=1271","title":{"rendered":"Gesangsunterricht"},"content":{"rendered":"\n<p class=\"has-vivid-red-color has-text-color\">auch online m\u00f6glich \u00fcber: FaceTime, Zoom, BigBlueButton, Skype, &#8230;<\/p>\n\n\n\n<p>Mein Wissen und meine Erfahrung gebe ich gerne an junge und nicht ganz so junge Gesangstalente weiter und ich unterrichte wirklich sehr gerne. Meine j\u00fcngsten Sch\u00fcler sind 9 und meine \u00e4lteste Sch\u00fclerin bislang war schon \u00fcber 70. Mein Fokus liegt auf Jazz und Popularmusik.  Um den Sch\u00fclern ein entsprechendes &#8222;Banderlebnis&#8220; zu erm\u00f6glichen arbeite ich viel mit Playbacks.<br>Ganz wichtig ist mir,  dass der\/die S\u00e4ngerIn niemanden imitiert,  sondern  einen eigenen Stil  entwickelt und die eigene Stimme kennen und  lieben  lernt \ud83d\ude09 <\/p>\n\n\n\n<p>Den Unterrichtsablauf und Inhalt lege ich individuell mit dem\/der  Sch\u00fclerInnen fest. Je nach  Kenntnisstand, Vorbildung und musikalischen Zielen und Vorlieben der Sch\u00fcler und Sch\u00fclerinnen.  Die Freude und der Spa\u00df beim Singen und Musizieren, sind mir bei allem Lernen und \u00dcben wichtig. <\/p>\n\n\n\n<p><strong>Preise f\u00fcr Privatunterricht<\/strong> (immer Einzelunterricht) <br>43,00\u20ac pro 45min.<br>28,00\u20ac pro 30min.<br>F\u00fcr erfahrenere S\u00e4ngerInnen k\u00f6nnen auch Doppelstunden vereinbart werden (zB um verst\u00e4rkt an St\u00fccken oder Repertoire zu arbeiten.<br><br>Schnupper- Angebot (kann nur einmal vereinbart werden.)<br>4x45min &#8211; 165,00\u20ac<br>4x30min &#8211; 105,00\u20ac<br>Die meisten meiner Privatsch\u00fcler kommen Montags <br>Unregelm\u00e4\u00dfige Termine an anderen Tagen sind nach Vereinbarung m\u00f6glich.<\/p>\n\n\n\n<p>Bei Interesse an Privatunterricht einfach eine mail oder Anruf, dann k\u00f6nnen wir Einzelheiten besprechen. <\/p>\n\n\n\n<p>An der <a href=\"https:\/\/www.speyer.de\/de\/bildung\/musikschule-der-stadt-speyer\/\">Musikschule der Stadt Speyer<\/a> unterrichte ich Mittwochs und Donnerstags.<br>F\u00fcr Unterricht \u00fcber die Musikschule direkt \u00fcber deren Homepage online anmelden.<\/p>\n","protected":false},"excerpt":{"rendered":"<p>auch online m\u00f6glich \u00fcber: FaceTime, Zoom, BigBlueButton, Skype, &#8230; Mein Wissen und meine Erfahrung gebe ich gerne an junge und nicht ganz so junge Gesangstalente weiter und ich unterrichte wirklich sehr gerne. Meine j\u00fcngsten Sch\u00fcler sind 9 und meine \u00e4lteste Sch\u00fclerin bislang war schon \u00fcber 70. Mein Fokus liegt auf Jazz und Popularmusik. Um den &hellip; <\/p>\n<p class=\"link-more\"><a href=\"https:\/\/ichsingdannmalweg.de\/?page_id=1271\" class=\"more-link\"><span class=\"screen-reader-text\">\u201eGesangsunterricht\u201c <\/span>weiterlesen<\/a><\/p>\n","protected":false},"author":1,"featured_media":0,"parent":0,"menu_order":0,"comment_status":"closed","ping_status":"closed","template":"","meta":{"footnotes":""},"class_list":["post-1271","page","type-page","status-publish","hentry"],"_links":{"self":[{"href":"https:\/\/ichsingdannmalweg.de\/index.php?rest_route=\/wp\/v2\/pages\/1271","targetHints":{"allow":["GET"]}}],"collection":[{"href":"https:\/\/ichsingdannmalweg.de\/index.php?rest_route=\/wp\/v2\/pages"}],"about":[{"href":"https:\/\/ichsingdannmalweg.de\/index.php?rest_route=\/wp\/v2\/types\/page"}],"author":[{"embeddable":true,"href":"https:\/\/ichsingdannmalweg.de\/index.php?rest_route=\/wp\/v2\/users\/1"}],"replies":[{"embeddable":true,"href":"https:\/\/ichsingdannmalweg.de\/index.php?rest_route=%2Fwp%2Fv2%2Fcomments&post=1271"}],"version-history":[{"count":21,"href":"https:\/\/ichsingdannmalweg.de\/index.php?rest_route=\/wp\/v2\/pages\/1271\/revisions"}],"predecessor-version":[{"id":1903,"href":"https:\/\/ichsingdannmalweg.de\/index.php?rest_route=\/wp\/v2\/pages\/1271\/revisions\/1903"}],"wp:attachment":[{"href":"https:\/\/ichsingdannmalweg.de\/index.php?rest_route=%2Fwp%2Fv2%2Fmedia&parent=1271"}],"curies":[{"name":"wp","href":"https:\/\/api.w.org\/{rel}","templated":true}]}}