{"id":24,"date":"2015-08-31T16:49:44","date_gmt":"2015-08-31T16:49:44","guid":{"rendered":"http:\/\/ichsingdannmalweg.de\/?page_id=24"},"modified":"2025-01-26T15:31:07","modified_gmt":"2025-01-26T13:31:07","slug":"circlesingen","status":"publish","type":"page","link":"https:\/\/ichsingdannmalweg.de\/?page_id=24","title":{"rendered":"Circlesingen"},"content":{"rendered":"<p>Circlesingen verbal zu erkl\u00e4ren ist nicht ganz so einfach, weil es je nach Gruppenzusammensetzung viele M\u00f6glichkeiten gibt. Weiter unten habe ich das versucht. Aber am besten ist es einfach mal zu kommen und mit zu singen!<br \/>\nF\u00fcr einen ersten Eindruck habe ich ein Audiobeispiel mit einem Looper aufgenommen:<\/p>\n<audio class=\"wp-audio-shortcode\" id=\"audio-24-1\" preload=\"none\" style=\"width: 100%;\" controls=\"controls\"><source type=\"audio\/mpeg\" src=\"http:\/\/ichsingdannmalweg.de\/wp-content\/uploads\/2018\/05\/circlesong-demo.mp3?_=1\" \/><a href=\"http:\/\/ichsingdannmalweg.de\/wp-content\/uploads\/2018\/05\/circlesong-demo.mp3\">http:\/\/ichsingdannmalweg.de\/wp-content\/uploads\/2018\/05\/circlesong-demo.mp3<\/a><\/audio>\n<p>Circlesingen ist Minimalmusik, spontan und ungeprobt in Echtzeit komponiert. Circlesongs sind und werden nicht notiert.<br \/>\nAus wiederholten, einfach harmonisch rhythmischen Mosaiksteinchen entstehen Klangbilder. Die einzelnen &#8222;Bausteine&#8220; werden dabei von einem(r) LeiterIn vorgegeben oder die Gruppe erfindet sie aus dem Moment heraus selbst. Dies geschieht ausschlie\u00dflich durch H\u00f6ren und Wiedergeben, durch &#8222;Call and reCall&#8220;.<br \/>\nOb zu zweit, zu zwanzig, zu zweihundert \u2013 oder mit wie vielen Menschen auch immer: Circlesingen ist wahrscheinlich eine der urspr\u00fcnglichsten Formen des Musizierens \u00fcberhaupt. Hier ein kleiner Teaser. (Aufgenommen im Januar25)<\/p>\n<div style=\"width: 525px;\" class=\"wp-video\"><video class=\"wp-video-shortcode\" id=\"video-24-1\" width=\"525\" height=\"295\" preload=\"metadata\" controls=\"controls\"><source type=\"video\/mp4\" src=\"http:\/\/ichsingdannmalweg.de\/wp-content\/uploads\/2025\/01\/circle_short_V2komp.mp4?_=1\" \/><a href=\"http:\/\/ichsingdannmalweg.de\/wp-content\/uploads\/2025\/01\/circle_short_V2komp.mp4\">http:\/\/ichsingdannmalweg.de\/wp-content\/uploads\/2025\/01\/circle_short_V2komp.mp4<\/a><\/video><\/div>\n<p>Wer das gerne mal ausprobieren kann ist jederzeit willkommen!<br \/>\nBeim Circlesingen der Musikschule der Stadt Speyer ( zusammen mit Almut Fingerle-Krieger) und ab und an beim Wohnzimmer-Circle in Schifferstadt.<\/p>\n","protected":false},"excerpt":{"rendered":"<p>Circlesingen verbal zu erkl\u00e4ren ist nicht ganz so einfach, weil es je nach Gruppenzusammensetzung viele M\u00f6glichkeiten gibt. Weiter unten habe ich das versucht. Aber am besten ist es einfach mal zu kommen und mit zu singen! F\u00fcr einen ersten Eindruck habe ich ein Audiobeispiel mit einem Looper aufgenommen: Circlesingen ist Minimalmusik, spontan und ungeprobt in &hellip; <\/p>\n<p class=\"link-more\"><a href=\"https:\/\/ichsingdannmalweg.de\/?page_id=24\" class=\"more-link\"><span class=\"screen-reader-text\">\u201eCirclesingen\u201c <\/span>weiterlesen<\/a><\/p>\n","protected":false},"author":1,"featured_media":0,"parent":0,"menu_order":4,"comment_status":"closed","ping_status":"closed","template":"","meta":{"footnotes":""},"class_list":["post-24","page","type-page","status-publish","hentry"],"_links":{"self":[{"href":"https:\/\/ichsingdannmalweg.de\/index.php?rest_route=\/wp\/v2\/pages\/24","targetHints":{"allow":["GET"]}}],"collection":[{"href":"https:\/\/ichsingdannmalweg.de\/index.php?rest_route=\/wp\/v2\/pages"}],"about":[{"href":"https:\/\/ichsingdannmalweg.de\/index.php?rest_route=\/wp\/v2\/types\/page"}],"author":[{"embeddable":true,"href":"https:\/\/ichsingdannmalweg.de\/index.php?rest_route=\/wp\/v2\/users\/1"}],"replies":[{"embeddable":true,"href":"https:\/\/ichsingdannmalweg.de\/index.php?rest_route=%2Fwp%2Fv2%2Fcomments&post=24"}],"version-history":[{"count":25,"href":"https:\/\/ichsingdannmalweg.de\/index.php?rest_route=\/wp\/v2\/pages\/24\/revisions"}],"predecessor-version":[{"id":1875,"href":"https:\/\/ichsingdannmalweg.de\/index.php?rest_route=\/wp\/v2\/pages\/24\/revisions\/1875"}],"wp:attachment":[{"href":"https:\/\/ichsingdannmalweg.de\/index.php?rest_route=%2Fwp%2Fv2%2Fmedia&parent=24"}],"curies":[{"name":"wp","href":"https:\/\/api.w.org\/{rel}","templated":true}]}}