{"id":27,"date":"2015-08-31T17:00:08","date_gmt":"2015-08-31T17:00:08","guid":{"rendered":"http:\/\/ichsingdannmalweg.de\/?page_id=27"},"modified":"2022-07-22T20:48:50","modified_gmt":"2022-07-22T18:48:50","slug":"kontakt","status":"publish","type":"page","link":"https:\/\/ichsingdannmalweg.de\/?page_id=27","title":{"rendered":"Kontakt\/Datenschutz"},"content":{"rendered":"<p><strong><br \/>\nJutta Brandl<br \/>\n<\/strong>Haardtstra\u00dfe 28, 67195 Schifferstadt<strong><br \/>\n<\/strong>info(at)juttabrandl.com<br \/>\n06235-929359<br \/>\n0176 &#8211; 96089582<\/p>\n<p><b>Haftungsausschluss:<\/b><br \/>\nJutta Brandl \u00fcbernimmt keine Haftung f\u00fcr die Inhalte externer Links. F\u00fcr den Inhalt der verlinkten Seite sind ausschlie\u00dflich deren Betreiber verantwortlich.<\/p>\n<p><strong>Datenschutz<br \/>\n<\/strong>Die Adresse meiner Website ist: http:\/\/ichsingdannmalweg.de.<\/p>\n<div class=\"policy-text\">\n<div class=\"wp-suggested-text\">\n<p>Wenn Besucher<strong> Kommentare<\/strong> auf der Website schreiben, sammele ich die Daten, die im Kommentar-Formular angezeigt werden, au\u00dferdem die IP-Adresse des Besuchers und den User-Agent-String (damit wird der Browser identifiziert), um die Erkennung von Spam zu unterst\u00fctzen.<\/p>\n<p>Aus <strong>deiner E-Mail-Adresse<\/strong> kann eine anonymisierte Zeichenfolge erstellt (auch Hash genannt) und dem Gravatar-Dienst \u00fcbergeben werden, um zu pr\u00fcfen, ob du diesen benutzt. Die Datenschutzerkl\u00e4rung des Gravatar-Dienstes findest du hier: https:\/\/automattic.com\/privacy\/. Nachdem dein Kommentar freigegeben wurde, ist dein Profilbild \u00f6ffentlich im Kontext deines Kommentars sichtbar.<\/p>\n<p><strong>Kontaktformular<\/strong><br \/>\nWenn du mir eine email \u00fcber das Kontakformular schickst werden dein Name und deine emailadresse gespeichert um mit dir in Kontakt treten zu k\u00f6nnen.<br \/>\n<strong><br \/>\nCookies<br \/>\n<\/strong> Wenn du einen Kommentar auf meine Website schreibst, kann das eine Einwilligung sein, deinen Namen, E-Mail-Adresse und Website in Cookies zu speichern. Dies ist eine Komfortfunktion, damit du nicht, wenn du einen weiteren Kommentar schreibst, all diese Daten erneut eingeben musst. Diese Cookies werden ein Jahr lang gespeichert.<\/p>\n<p>Wenn du einen Artikel bearbeitest oder ver\u00f6ffentlichst, wird ein zus\u00e4tzlicher Cookie in deinem Browser gespeichert. Dieser Cookie enth\u00e4lt keine personenbezogenen Daten und verweist nur auf die Beitrags-ID des Artikels, den du gerade bearbeitet hast. Der Cookie verf\u00e4llt nach einem Tag.<\/p>\n<p><strong>Eingebettete Inhalte von anderen Websites<br \/>\n<\/strong>Beitr\u00e4ge auf dieser Website k\u00f6nnen eingebettete Inhalte beinhalten (z.\u00a0B. Videos, Bilder, Beitr\u00e4ge etc.). Eingebettete Inhalte von anderen Websites verhalten sich exakt so, als ob der Besucher die andere Website besucht h\u00e4tte.<\/p>\n<p>Diese Websites k\u00f6nnen Daten \u00fcber dich sammeln, Cookies benutzen, zus\u00e4tzliche Tracking-Dienste von Dritten einbetten und deine Interaktion mit diesem eingebetteten Inhalt aufzeichnen.<\/p>\n<p><strong>Analysedienste<br \/>\n<\/strong>Standardm\u00e4\u00dfig sammelt WordPress keine Analysedaten. Allerdings sammeln viele Webhosting-Konten einige anonyme Analysedaten. Ich teile deine Daten nicht mit Drittanbietern. Standardm\u00e4\u00dfig teilt auch WordPress keinerlei personenbezogene Daten mit Dritten.<\/p>\n<p><strong>Speicherung deiner Daten<\/strong><br \/>\nDeine Kontaktdaten, Name und emailadresse werden zeitlich unbegrenzt in meinem Adressbuch gespeichert. Wenn du einen Kommentar schreibst, wird dieser inklusive Metadaten zeitlich unbegrenzt gespeichert. Auf diese Art k\u00f6nnen\u00a0 Folgekommentare automatisch erkannt und freigeben werden, anstelle sie in einer Moderations-Warteschlange festzuhalten.<\/p>\n<p><strong class=\"privacy-policy-tutorial\">Deine Rechte<br \/>\n<\/strong>Wenn du mir eine email \u00fcber das Kontaktformular geschrieben hast oder Kommentare geschrieben hast, kannst du einen <strong>Export deiner personenbezogenen Daten bei mir anfordern<\/strong>, inklusive aller Daten, die du mir mitgeteilt hast. Dar\u00fcber hinaus kannst du die L\u00f6schung aller personenbezogenen Daten, die ich von dir gespeichert haben, anfordern. Dies umfasst nicht die Daten, die ich aufgrund administrativer, rechtlicher oder sicherheitsrelevanter Notwendigkeiten aufbewahren m\u00fcssen.<\/p>\n<p>Besucher-Kommentare k\u00f6nnten von einem automatisierten Dienst zur Spam-Erkennung untersucht werden.<\/p>\n<p>Bitte nimm mit mir Kontakt auf, wenn du ein Anliegen zum Datenschutz hast.<\/p>\n<p class=\"privacy-policy-tutorial\">\n<\/div>\n<\/div>\n","protected":false},"excerpt":{"rendered":"<p>Jutta Brandl Haardtstra\u00dfe 28, 67195 Schifferstadt info(at)juttabrandl.com 06235-929359 0176 &#8211; 96089582 Haftungsausschluss: Jutta Brandl \u00fcbernimmt keine Haftung f\u00fcr die Inhalte externer Links. F\u00fcr den Inhalt der verlinkten Seite sind ausschlie\u00dflich deren Betreiber verantwortlich. Datenschutz Die Adresse meiner Website ist: http:\/\/ichsingdannmalweg.de. Wenn Besucher Kommentare auf der Website schreiben, sammele ich die Daten, die im Kommentar-Formular angezeigt &hellip; <\/p>\n<p class=\"link-more\"><a href=\"https:\/\/ichsingdannmalweg.de\/?page_id=27\" class=\"more-link\"><span class=\"screen-reader-text\">\u201eKontakt\/Datenschutz\u201c <\/span>weiterlesen<\/a><\/p>\n","protected":false},"author":1,"featured_media":0,"parent":0,"menu_order":6,"comment_status":"closed","ping_status":"closed","template":"","meta":{"footnotes":""},"class_list":["post-27","page","type-page","status-publish","hentry"],"_links":{"self":[{"href":"https:\/\/ichsingdannmalweg.de\/index.php?rest_route=\/wp\/v2\/pages\/27","targetHints":{"allow":["GET"]}}],"collection":[{"href":"https:\/\/ichsingdannmalweg.de\/index.php?rest_route=\/wp\/v2\/pages"}],"about":[{"href":"https:\/\/ichsingdannmalweg.de\/index.php?rest_route=\/wp\/v2\/types\/page"}],"author":[{"embeddable":true,"href":"https:\/\/ichsingdannmalweg.de\/index.php?rest_route=\/wp\/v2\/users\/1"}],"replies":[{"embeddable":true,"href":"https:\/\/ichsingdannmalweg.de\/index.php?rest_route=%2Fwp%2Fv2%2Fcomments&post=27"}],"version-history":[{"count":13,"href":"https:\/\/ichsingdannmalweg.de\/index.php?rest_route=\/wp\/v2\/pages\/27\/revisions"}],"predecessor-version":[{"id":1705,"href":"https:\/\/ichsingdannmalweg.de\/index.php?rest_route=\/wp\/v2\/pages\/27\/revisions\/1705"}],"wp:attachment":[{"href":"https:\/\/ichsingdannmalweg.de\/index.php?rest_route=%2Fwp%2Fv2%2Fmedia&parent=27"}],"curies":[{"name":"wp","href":"https:\/\/api.w.org\/{rel}","templated":true}]}}