{"id":36,"date":"2015-09-03T21:43:56","date_gmt":"2015-09-03T19:43:56","guid":{"rendered":"http:\/\/ichsingdannmalweg.de\/?page_id=36"},"modified":"2025-08-01T12:18:01","modified_gmt":"2025-08-01T10:18:01","slug":"termine","status":"publish","type":"page","link":"https:\/\/ichsingdannmalweg.de\/?page_id=36","title":{"rendered":"Termine"},"content":{"rendered":"<p style=\"text-align: left;\"><span style=\"color: #333333; font-size: medium;\">Willkommen sind alle, die gerne singen, gerne wieder singen \u2013 <\/span><span style=\"color: #333333;\"><span style=\"font-size: small;\"><span style=\"font-size: medium;\"><span style=\"color: #333333;\">oder gerne \u00fcberhaupt einmal singen m\u00f6chen!<\/span> <\/span><\/span><\/span><span style=\"color: #333333;\"><span style=\"font-size: medium;\">Der Einstieg ist bei allen Kursen zu jedem Zeitpunkt m\u00f6glich!<br \/>\nINFOS \u00fcber die einzelnen Kurse und Workshops auch\u00a0<strong> <a href=\"http:\/\/ichsingdannmalweg.de\/?page_id=79\" target=\"_blank\" rel=\"noopener noreferrer\">hier<\/a><\/strong><\/span><\/span><\/p>\n<p style=\"text-align: left;\"><span style=\"color: #333333;\"><span style=\"font-size: medium;\">\n\t\t\t\t<div class=\"event-list\">\n\t\t\t\t<style type=\"text\/css\">\n\t\t\t\t\t.filterbar { display:table; width:100% }\n\t\t\t\t\t.filterbar > div { display:table-cell }\n\t\t\t\t<\/style>\n\t\t\t\t<!--[if lte IE 7]>\n\t\t\t\t<style>.filterbar > div { float:left }<\/style>\n\t\t\t\t<![endif]-->\n\t\t\t\t<div class=\"filterbar subsubsub\">\n\t\t\t\t\t<div style=\"text-align:left\"><ul class=\"hlist\"><li><a href=\"https:\/\/ichsingdannmalweg.de\/?page_id=36&#038;rest_route=%2Fwp%2Fv2%2Fpages%2F36&#038;date1=all\">Alle<\/a><\/li><li><strong>Anstehend<\/strong><\/li><li><a href=\"https:\/\/ichsingdannmalweg.de\/?page_id=36&#038;rest_route=%2Fwp%2Fv2%2Fpages%2F36&#038;date1=2016\">2016<\/a><\/li><li><a href=\"https:\/\/ichsingdannmalweg.de\/?page_id=36&#038;rest_route=%2Fwp%2Fv2%2Fpages%2F36&#038;date1=2017\">2017<\/a><\/li><li><a href=\"https:\/\/ichsingdannmalweg.de\/?page_id=36&#038;rest_route=%2Fwp%2Fv2%2Fpages%2F36&#038;date1=2018\">2018<\/a><\/li><li><a href=\"https:\/\/ichsingdannmalweg.de\/?page_id=36&#038;rest_route=%2Fwp%2Fv2%2Fpages%2F36&#038;date1=2019\">2019<\/a><\/li><li><a href=\"https:\/\/ichsingdannmalweg.de\/?page_id=36&#038;rest_route=%2Fwp%2Fv2%2Fpages%2F36&#038;date1=2020\">2020<\/a><\/li><li><a href=\"https:\/\/ichsingdannmalweg.de\/?page_id=36&#038;rest_route=%2Fwp%2Fv2%2Fpages%2F36&#038;date1=2021\">2021<\/a><\/li><li><a href=\"https:\/\/ichsingdannmalweg.de\/?page_id=36&#038;rest_route=%2Fwp%2Fv2%2Fpages%2F36&#038;date1=2022\">2022<\/a><\/li><li><a href=\"https:\/\/ichsingdannmalweg.de\/?page_id=36&#038;rest_route=%2Fwp%2Fv2%2Fpages%2F36&#038;date1=2023\">2023<\/a><\/li><li><a href=\"https:\/\/ichsingdannmalweg.de\/?page_id=36&#038;rest_route=%2Fwp%2Fv2%2Fpages%2F36&#038;date1=2024\">2024<\/a><\/li><li><a href=\"https:\/\/ichsingdannmalweg.de\/?page_id=36&#038;rest_route=%2Fwp%2Fv2%2Fpages%2F36&#038;date1=2025\">2025<\/a><\/li><li><a href=\"https:\/\/ichsingdannmalweg.de\/?page_id=36&#038;rest_route=%2Fwp%2Fv2%2Fpages%2F36&#038;date1=2026\">2026<\/a><\/li><\/ul>\n\t\t\t\t\t<\/div><\/div>\n\t\t\t\t<ul class=\"event-list-view\">\n\t\t\t \t<li class=\"event \">\n\t\t\t\t\t<div class=\"event-date single-date\"><div class=\"startdate\"><div class=\"event-weekday\">Mo.<\/div><div class=\"event-day\">20<\/div><div class=\"event-month\">Apr.<\/div><div class=\"event-year\">2026<\/div><\/div><\/div>\n\t\t\t\t\t<div class=\"event-info single-day\"><div class=\"event-title\"><h3><a href=\"https:\/\/ichsingdannmalweg.de\/?page_id=36&amp;rest_route=%2Fwp%2Fv2%2Fpages%2F36&amp;event_id1=2018\">WohnzimmerCircle<\/a><\/h3><\/div><span class=\"event-time\">19:30 - ca 21h<\/span><span class=\"event-location\">Schifferstadt<\/span><div class=\"event-content\"><p>Circlesongs und Vocal-Improvisationen f\u00fcr erfahrenere S\u00e4ngerinnen und S\u00e4nger. <a href=\"https:\/\/ichsingdannmalweg.de\/?page_id=36&amp;rest_route=%2Fwp%2Fv2%2Fpages%2F36&amp;event_id1=2018\">[read more&hellip;]<\/a><\/p>\n<\/div><\/div>\n\t\t\t\t<\/li>\n\t\t\t \t<li class=\"event \">\n\t\t\t\t\t<div class=\"event-date single-date\"><div class=\"startdate\"><div class=\"event-weekday\">Mi.<\/div><div class=\"event-day\">22<\/div><div class=\"event-month\">Apr.<\/div><div class=\"event-year\">2026<\/div><\/div><\/div>\n\t\t\t\t\t<div class=\"event-info single-day\"><div class=\"event-title\"><h3><a href=\"https:\/\/ichsingdannmalweg.de\/?page_id=36&amp;rest_route=%2Fwp%2Fv2%2Fpages%2F36&amp;event_id1=1961\">Circlesingen (Musikschule der Stadt Speyer)<\/a><\/h3><\/div><span class=\"event-time\">19:30 bis ca 20:30<\/span><span class=\"event-location\">Dreifaltigkeitskirche, Gro\u00dfe Himmelsgasse 4, 673446 Speyer<\/span><div class=\"event-content\"><p>Freies <a href=\"https:\/\/www.speyer.de\/de\/bildung\/musikschule-der-stadt-speyer\/unterrichtsangebot\/circlesingen\/\">Circlesingen<\/a><br \/>\nSingfreudige mit ganz unterschiedlichen Voraussetzungen bilden den SpontanChor. <a href=\"https:\/\/ichsingdannmalweg.de\/?page_id=36&amp;rest_route=%2Fwp%2Fv2%2Fpages%2F36&amp;event_id1=1961\">[read more&hellip;]<\/a><\/p>\n<\/div><\/div>\n\t\t\t\t<\/li>\n\t\t\t \t<li class=\"event \">\n\t\t\t\t\t<div class=\"event-date single-date\"><div class=\"startdate\"><div class=\"event-weekday\">Mi.<\/div><div class=\"event-day\">06<\/div><div class=\"event-month\">Mai<\/div><div class=\"event-year\">2026<\/div><\/div><\/div>\n\t\t\t\t\t<div class=\"event-info single-day\"><div class=\"event-title\"><h3><a href=\"https:\/\/ichsingdannmalweg.de\/?page_id=36&amp;rest_route=%2Fwp%2Fv2%2Fpages%2F36&amp;event_id1=2010\">ChorCoaching<\/a><\/h3><\/div><span class=\"event-time\">19:45h bis 21:00<\/span><span class=\"event-location\">Mutterstadt<\/span><div class=\"event-content\"><p><span style=\"font-size: 1rem;\">StimmKlangBalance - Ganzheitliches ChorCoaching<\/span><\/p>\n<p>mit dem Cantamus Chor, Mutterstadt<a href=\"https:\/\/ichsingdannmalweg.de\/?page_id=36&amp;rest_route=%2Fwp%2Fv2%2Fpages%2F36&amp;event_id1=2010\">[read more&hellip;]<\/a><\/p>\n<\/div><\/div>\n\t\t\t\t<\/li>\n\t\t\t \t<li class=\"event \">\n\t\t\t\t\t<div class=\"event-date single-date\"><div class=\"startdate\"><div class=\"event-weekday\">Mi.<\/div><div class=\"event-day\">20<\/div><div class=\"event-month\">Mai<\/div><div class=\"event-year\">2026<\/div><\/div><\/div>\n\t\t\t\t\t<div class=\"event-info single-day\"><div class=\"event-title\"><h3><a href=\"https:\/\/ichsingdannmalweg.de\/?page_id=36&amp;rest_route=%2Fwp%2Fv2%2Fpages%2F36&amp;event_id1=1963\">Circlesingen (Musikschule der Stadt Speyer)<\/a><\/h3><\/div><span class=\"event-time\">19:30 bis ca 20:30<\/span><span class=\"event-location\">Kirche St Gangolf, Neustadter Str. 10, 67373 Dudenhofen<\/span><div class=\"event-content\"><p>Freies <a href=\"https:\/\/www.speyer.de\/de\/bildung\/musikschule-der-stadt-speyer\/unterrichtsangebot\/circlesingen\/\">Circlesingen<\/a><br \/>\nSingfreudige mit ganz unterschiedlichen Voraussetzungen bilden den SpontanChor. <a href=\"https:\/\/ichsingdannmalweg.de\/?page_id=36&amp;rest_route=%2Fwp%2Fv2%2Fpages%2F36&amp;event_id1=1963\">[read more&hellip;]<\/a><\/p>\n<\/div><\/div>\n\t\t\t\t<\/li>\n\t\t\t \t<li class=\"event \">\n\t\t\t\t\t<div class=\"event-date single-date\"><div class=\"startdate\"><div class=\"event-weekday\">Mi.<\/div><div class=\"event-day\">27<\/div><div class=\"event-month\">Mai<\/div><div class=\"event-year\">2026<\/div><\/div><\/div>\n\t\t\t\t\t<div class=\"event-info single-day\"><div class=\"event-title\"><h3><a href=\"https:\/\/ichsingdannmalweg.de\/?page_id=36&amp;rest_route=%2Fwp%2Fv2%2Fpages%2F36&amp;event_id1=2012\">ChorCoaching<\/a><\/h3><\/div><span class=\"event-time\">19:45h bis 21:00<\/span><span class=\"event-location\">Mutterstadt<\/span><div class=\"event-content\"><p><span style=\"font-size: 1rem;\">StimmKlangBalance - Ganzheitliches ChorCoaching<\/span><\/p>\n<p>mit dem Cantamus Chor, Mutterstadt<a href=\"https:\/\/ichsingdannmalweg.de\/?page_id=36&amp;rest_route=%2Fwp%2Fv2%2Fpages%2F36&amp;event_id1=2012\">[read more&hellip;]<\/a><\/p>\n<\/div><\/div>\n\t\t\t\t<\/li>\n\t\t\t \t<li class=\"event \">\n\t\t\t\t\t<div class=\"event-date single-date\"><div class=\"startdate\"><div class=\"event-weekday\">Mi.<\/div><div class=\"event-day\">17<\/div><div class=\"event-month\">Juni<\/div><div class=\"event-year\">2026<\/div><\/div><\/div>\n\t\t\t\t\t<div class=\"event-info single-day\"><div class=\"event-title\"><h3><a href=\"https:\/\/ichsingdannmalweg.de\/?page_id=36&amp;rest_route=%2Fwp%2Fv2%2Fpages%2F36&amp;event_id1=1965\">Circlesingen (Musikschule der Stadt Speyer)<\/a><\/h3><\/div><span class=\"event-time\">19:30 bis ca 20:30<\/span><span class=\"event-location\">Ged\u00e4chtniskirche, Martin-Luther-King-Weg 1, 67346 Speyer <\/span><div class=\"event-content\"><p>Freies <a href=\"https:\/\/www.speyer.de\/de\/bildung\/musikschule-der-stadt-speyer\/unterrichtsangebot\/circlesingen\/\">Circlesingen<\/a><br \/>\nSingfreudige mit ganz unterschiedlichen Voraussetzungen bilden den SpontanChor. <a href=\"https:\/\/ichsingdannmalweg.de\/?page_id=36&amp;rest_route=%2Fwp%2Fv2%2Fpages%2F36&amp;event_id1=1965\">[read more&hellip;]<\/a><\/p>\n<\/div><\/div>\n\t\t\t\t<\/li>\n\t\t\t \t<li class=\"event \">\n\t\t\t\t\t<div class=\"event-date single-date\"><div class=\"startdate\"><div class=\"event-weekday\">Mi.<\/div><div class=\"event-day\">19<\/div><div class=\"event-month\">Aug.<\/div><div class=\"event-year\">2026<\/div><\/div><\/div>\n\t\t\t\t\t<div class=\"event-info single-day\"><div class=\"event-title\"><h3><a href=\"https:\/\/ichsingdannmalweg.de\/?page_id=36&amp;rest_route=%2Fwp%2Fv2%2Fpages%2F36&amp;event_id1=1969\">Circlesingen (Musikschule der Stadt Speyer)<\/a><\/h3><\/div><span class=\"event-time\">19:30 bis ca 20:30<\/span><span class=\"event-location\">Kirche St. Pankratius Berghausen, Bergh\u00e4user Str. 61, 67354 R\u00f6merberg<\/span><div class=\"event-content\"><p>Freies <a href=\"https:\/\/www.speyer.de\/de\/bildung\/musikschule-der-stadt-speyer\/unterrichtsangebot\/circlesingen\/\">Circlesingen<\/a><br \/>\nSingfreudige mit ganz unterschiedlichen Voraussetzungen bilden den SpontanChor. <a href=\"https:\/\/ichsingdannmalweg.de\/?page_id=36&amp;rest_route=%2Fwp%2Fv2%2Fpages%2F36&amp;event_id1=1969\">[read more&hellip;]<\/a><\/p>\n<\/div><\/div>\n\t\t\t\t<\/li>\n\t\t\t \t<li class=\"event \">\n\t\t\t\t\t<div class=\"event-date single-date\"><div class=\"startdate\"><div class=\"event-weekday\">Sa.<\/div><div class=\"event-day\">12<\/div><div class=\"event-month\">Sep.<\/div><div class=\"event-year\">2026<\/div><\/div><\/div>\n\t\t\t\t\t<div class=\"event-info single-day\"><div class=\"event-title\"><h3><a href=\"https:\/\/ichsingdannmalweg.de\/?page_id=36&amp;rest_route=%2Fwp%2Fv2%2Fpages%2F36&amp;event_id1=2016\">ChorCoaching<\/a><\/h3><\/div><span class=\"event-time\">10h bis 18h<\/span><span class=\"event-location\">Limburgerhof<\/span><div class=\"event-content\"><p><span style=\"font-size: 1rem;\">StimmKlangBalance - Ganzheitliches ChorCoaching<\/span><\/p>\n<p>mit dem Chor \"No Limits\", Limburgerhof<a href=\"https:\/\/ichsingdannmalweg.de\/?page_id=36&amp;rest_route=%2Fwp%2Fv2%2Fpages%2F36&amp;event_id1=2016\">[read more&hellip;]<\/a><\/p>\n<\/div><\/div>\n\t\t\t\t<\/li>\n\t\t\t \t<li class=\"event \">\n\t\t\t\t\t<div class=\"event-date single-date\"><div class=\"startdate\"><div class=\"event-weekday\">Mi.<\/div><div class=\"event-day\">16<\/div><div class=\"event-month\">Sep.<\/div><div class=\"event-year\">2026<\/div><\/div><\/div>\n\t\t\t\t\t<div class=\"event-info single-day\"><div class=\"event-title\"><h3><a href=\"https:\/\/ichsingdannmalweg.de\/?page_id=36&amp;rest_route=%2Fwp%2Fv2%2Fpages%2F36&amp;event_id1=1967\">Circlesingen (Musikschule der Stadt Speyer)<\/a><\/h3><\/div><span class=\"event-time\">19:30 bis ca 20:30<\/span><span class=\"event-location\">Ged\u00e4chtniskirche, Martin-Luther-King-Weg 1, 67346 Speyer <\/span><div class=\"event-content\"><p>Freies <a href=\"https:\/\/www.speyer.de\/de\/bildung\/musikschule-der-stadt-speyer\/unterrichtsangebot\/circlesingen\/\">Circlesingen<\/a><br \/>\nSingfreudige mit ganz unterschiedlichen Voraussetzungen bilden den SpontanChor. <a href=\"https:\/\/ichsingdannmalweg.de\/?page_id=36&amp;rest_route=%2Fwp%2Fv2%2Fpages%2F36&amp;event_id1=1967\">[read more&hellip;]<\/a><\/p>\n<\/div><\/div>\n\t\t\t\t<\/li>\n\t\t\t \t<li class=\"event \">\n\t\t\t\t\t<div class=\"event-date single-date\"><div class=\"startdate\"><div class=\"event-weekday\">Do.<\/div><div class=\"event-day\">22<\/div><div class=\"event-month\">Okt.<\/div><div class=\"event-year\">2026<\/div><\/div><\/div>\n\t\t\t\t\t<div class=\"event-info single-day\"><div class=\"event-title\"><h3><a href=\"https:\/\/ichsingdannmalweg.de\/?page_id=36&amp;rest_route=%2Fwp%2Fv2%2Fpages%2F36&amp;event_id1=1975\">Circlesingen (Musikschule der Stadt Speyer)<\/a><\/h3><\/div><span class=\"event-time\">19:30 bis ca 20:30<\/span><span class=\"event-location\">Donnerstag!! Brillant Spaces, Johannesstr. 6a, 67346 Speyer<\/span><div class=\"event-content\"><p>Freies <a href=\"https:\/\/www.speyer.de\/de\/bildung\/musikschule-der-stadt-speyer\/unterrichtsangebot\/circlesingen\/\">Circlesingen<\/a><br \/>\nSingfreudige mit ganz unterschiedlichen Voraussetzungen bilden den SpontanChor. <a href=\"https:\/\/ichsingdannmalweg.de\/?page_id=36&amp;rest_route=%2Fwp%2Fv2%2Fpages%2F36&amp;event_id1=1975\">[read more&hellip;]<\/a><\/p>\n<\/div><\/div>\n\t\t\t\t<\/li>\n\t\t\t \t<li class=\"event \">\n\t\t\t\t\t<div class=\"event-date single-date\"><div class=\"startdate\"><div class=\"event-weekday\">Mi.<\/div><div class=\"event-day\">18<\/div><div class=\"event-month\">Nov.<\/div><div class=\"event-year\">2026<\/div><\/div><\/div>\n\t\t\t\t\t<div class=\"event-info single-day\"><div class=\"event-title\"><h3><a href=\"https:\/\/ichsingdannmalweg.de\/?page_id=36&amp;rest_route=%2Fwp%2Fv2%2Fpages%2F36&amp;event_id1=1977\">Circlesingen (Musikschule der Stadt Speyer)<\/a><\/h3><\/div><span class=\"event-time\">19:30 bis ca 20:30<\/span><span class=\"event-location\">Brillant Spaces, Johannesstr. 6a, 67346 Speyer<\/span><div class=\"event-content\"><p>Freies <a href=\"https:\/\/www.speyer.de\/de\/bildung\/musikschule-der-stadt-speyer\/unterrichtsangebot\/circlesingen\/\">Circlesingen<\/a><br \/>\nSingfreudige mit ganz unterschiedlichen Voraussetzungen bilden den SpontanChor. <a href=\"https:\/\/ichsingdannmalweg.de\/?page_id=36&amp;rest_route=%2Fwp%2Fv2%2Fpages%2F36&amp;event_id1=1977\">[read more&hellip;]<\/a><\/p>\n<\/div><\/div>\n\t\t\t\t<\/li>\n\t\t\t \t<li class=\"event \">\n\t\t\t\t\t<div class=\"event-date single-date\"><div class=\"startdate\"><div class=\"event-weekday\">Mi.<\/div><div class=\"event-day\">16<\/div><div class=\"event-month\">Dez.<\/div><div class=\"event-year\">2026<\/div><\/div><\/div>\n\t\t\t\t\t<div class=\"event-info single-day\"><div class=\"event-title\"><h3><a href=\"https:\/\/ichsingdannmalweg.de\/?page_id=36&amp;rest_route=%2Fwp%2Fv2%2Fpages%2F36&amp;event_id1=1979\">Circlesingen (Musikschule der Stadt Speyer)<\/a><\/h3><\/div><span class=\"event-time\">19:30 bis ca 20:30<\/span><span class=\"event-location\">Brillant Spaces, Johannesstr. 6a, 67346 Speyer<\/span><div class=\"event-content\"><p>Freies <a href=\"https:\/\/www.speyer.de\/de\/bildung\/musikschule-der-stadt-speyer\/unterrichtsangebot\/circlesingen\/\">Circlesingen<\/a><br \/>\nSingfreudige mit ganz unterschiedlichen Voraussetzungen bilden den SpontanChor. <a href=\"https:\/\/ichsingdannmalweg.de\/?page_id=36&amp;rest_route=%2Fwp%2Fv2%2Fpages%2F36&amp;event_id1=1979\">[read more&hellip;]<\/a><\/p>\n<\/div><\/div>\n\t\t\t\t<\/li><\/ul>\n\t\t\t\t<\/div><br \/>\n<\/span><\/span><\/p>\n<p><code>\u00a0<\/code><\/p>\n","protected":false},"excerpt":{"rendered":"<p>Willkommen sind alle, die gerne singen, gerne wieder singen \u2013 oder gerne \u00fcberhaupt einmal singen m\u00f6chen! Der Einstieg ist bei allen Kursen zu jedem Zeitpunkt m\u00f6glich! INFOS \u00fcber die einzelnen Kurse und Workshops auch\u00a0 hier \u00a0<\/p>\n","protected":false},"author":1,"featured_media":0,"parent":0,"menu_order":5,"comment_status":"closed","ping_status":"closed","template":"","meta":{"footnotes":""},"class_list":["post-36","page","type-page","status-publish","hentry"],"_links":{"self":[{"href":"https:\/\/ichsingdannmalweg.de\/index.php?rest_route=\/wp\/v2\/pages\/36","targetHints":{"allow":["GET"]}}],"collection":[{"href":"https:\/\/ichsingdannmalweg.de\/index.php?rest_route=\/wp\/v2\/pages"}],"about":[{"href":"https:\/\/ichsingdannmalweg.de\/index.php?rest_route=\/wp\/v2\/types\/page"}],"author":[{"embeddable":true,"href":"https:\/\/ichsingdannmalweg.de\/index.php?rest_route=\/wp\/v2\/users\/1"}],"replies":[{"embeddable":true,"href":"https:\/\/ichsingdannmalweg.de\/index.php?rest_route=%2Fwp%2Fv2%2Fcomments&post=36"}],"version-history":[{"count":168,"href":"https:\/\/ichsingdannmalweg.de\/index.php?rest_route=\/wp\/v2\/pages\/36\/revisions"}],"predecessor-version":[{"id":1920,"href":"https:\/\/ichsingdannmalweg.de\/index.php?rest_route=\/wp\/v2\/pages\/36\/revisions\/1920"}],"wp:attachment":[{"href":"https:\/\/ichsingdannmalweg.de\/index.php?rest_route=%2Fwp%2Fv2%2Fmedia&parent=36"}],"curies":[{"name":"wp","href":"https:\/\/api.w.org\/{rel}","templated":true}]}}