{"id":48,"date":"2015-09-05T18:52:41","date_gmt":"2015-09-05T16:52:41","guid":{"rendered":"http:\/\/ichsingdannmalweg.de\/?page_id=48"},"modified":"2019-02-06T12:09:47","modified_gmt":"2019-02-06T10:09:47","slug":"singen-und-entspannung","status":"publish","type":"page","link":"https:\/\/ichsingdannmalweg.de\/?page_id=48","title":{"rendered":"Stimme, Entspannung und Gesundheit"},"content":{"rendered":"<p><b><span style=\"color: #800000;\">Stimmschonung im Lehreralltag &#8211; Gesundheitsf\u00f6rderung durch Singen<br \/>\n<\/span><\/b><span style=\"color: #800000;\"><span style=\"color: #333333;\">Der<strong> 2,5 Std<\/strong> Workshop beinhaltet praktische, stimmbildende und stimmschonende \u00dcbungen f\u00fcr den Lehreralltag und macht gleichzeitig die positive entspannende wirkung des gemeinsamen Singens f\u00fcr jede\/n direkt erfahrbar.<br \/>\nJe nachdem was die Gruppe braucht, oder sich w\u00fcnscht, kann der fokus mehr stimmbildnerisch oder mehr beim gemeinsamen Singen liegen.<br \/>\nBei k\u00fcrzeren Workshops wird entweder nur ein schwerpunkt, oder beide entsprechend weniger intensiv behandelt.<br \/>\nDauer: von MiniWorkshop 45min bis Intensiv-Ganztags ist alles m\u00f6glich.<br \/>\nTeilnehmer:&nbsp; buchbar ab 6 bis max.20 Personen<br \/>\nRaumbedarf: angemessen gro\u00df, sauber, m\u00f6gl. mit Tageslicht<br \/>\nKosten: 100,00\u20ac\/Std. zzgl Fahrtkosten (Brutto)<br \/>\n<\/span><\/span><\/p>\n<p><b><span style=\"color: #800000;\">Entspannen und Entschleunigen<\/span><\/b><span style=\"color: #800000;\"> &#8211; Ich sing dann mal weg&#8230;<\/span><b><br \/>\n<\/b><span style=\"color: #333333;\"><strong>3 Stunden<\/strong> <\/span>Spass und Musik, Kreativit\u00e4t und Entspannung &#8211; <span style=\"color: #800000;\"><strong>Urlaub f\u00fcr den Kopf <\/strong><\/span>Nach Lockerungs\u00fcbungen und einem integrierten Stimm-Warm-Up singen wir einfache Kanons, Chants und Circlesongs.<br \/>\nAlles wird ohne Noten umgesetzt und richtet sich besonders auch an musikalische Laien.<br \/>\nJede\/r tr\u00e4gt zum gemeinsamen Klangerlebnis bei. Frei von Leistungsanspruch geht es hierbei nicht um ein perfektes Ergebnis sondern vielmehr um den gemeinsamen Prozess. Das Gef\u00fchl, als Teil einer Gruppe eine Musik des Augenblicks zu erschaffen ist ein kleiner Urlaub f\u00fcr den Kopf.<br \/>\nTeilnehmer:&nbsp; buchbar ab 8<br \/>\nRaumbedarf: angemessen gro\u00df, sauber, m\u00f6gl. mit Tageslicht<br \/>\nKosten pro TN 35,00 \u2013 45,00\u20ac. je nach Raummiete und Teilnehmerzahl)<\/p>\n<p><b><span style=\"color: #800000;\">Entspannungspause<\/span><br \/>\n<\/b>regelm\u00e4\u00dfig <b>30 \u2013 60 min\u00fctig<\/b><b> <\/b> im Rahmen von Gesundheitsangeboten f\u00fcr Unternehmen, Krankenkassen etc.Singen im Alltag, vor Arbeitsbeginn, in der Mittagspause oder nach Feierabend.<br \/>\nF\u00fcr einzelne Teams oder Abteilungen in regelm\u00e4\u00dfigen Abst\u00e4nden<span style=\"color: #800000;\"> zur Unterst\u00fctzung des<strong>Teambuildings.<\/strong><\/span><b><br \/>\n<\/b>Die Kanons, Chants und Circlesongs werden so einfach gehalten, dass Interessenten jederzeit regelm\u00e4\u00dfig oder auch sporadisch teilnehmen k\u00f6nnen .<br \/>\nDurch die Regelm\u00e4\u00dfigkeit werden neben dem Stress lindernden Effekt auch die positiven Auswirkungen auf den Team- Zusammenhalt und das soziale Klima sp\u00fcrbar.<br \/>\nTeilnehmer:&nbsp; buchbar ab 6 bis max.20 Personen<br \/>\nRaumbedarf: angemessen gro\u00df, sauber, m\u00f6gl. mit Tageslicht<br \/>\nKosten pro Termin (zeitabh\u00e4ngig) 50,00 bis 100,00\u20ac zzgl Fahrtkosten<\/p>\n<p><b><span style=\"color: #800000;\">Ich sing dann mal weg&#8230;<\/span><br \/>\n<\/b>Kurze Einheiten als <span style=\"color: #800000;\"><strong>Schnupperangebote<\/strong> <\/span>etwa f\u00fcr<strong> <span style=\"color: #800000;\">Gesundheitstage<\/span><\/strong> in Unternehmen, Krankenkassen etc. zum Thema Stressbew\u00e4ltigung und Entspannung.<br \/>\nMehrere kurze Aktionen von<b> ca 30 Minuten <\/b>\u00fcber den Tag verteilt mit wechselnden Gruppen. Durch einfache Kanons, Chants und Circlesongs kann man die entspannende Wirkung des gemeinsamen Singens in k\u00fcrzester Zeit erleben.<br \/>\nKosten je nach Aufwand auf Anfrage<\/p>\n","protected":false},"excerpt":{"rendered":"<p>Stimmschonung im Lehreralltag &#8211; Gesundheitsf\u00f6rderung durch Singen Der 2,5 Std Workshop beinhaltet praktische, stimmbildende und stimmschonende \u00dcbungen f\u00fcr den Lehreralltag und macht gleichzeitig die positive entspannende wirkung des gemeinsamen Singens f\u00fcr jede\/n direkt erfahrbar. Je nachdem was die Gruppe braucht, oder sich w\u00fcnscht, kann der fokus mehr stimmbildnerisch oder mehr beim gemeinsamen Singen liegen. Bei &hellip; <\/p>\n<p class=\"link-more\"><a href=\"https:\/\/ichsingdannmalweg.de\/?page_id=48\" class=\"more-link\"><span class=\"screen-reader-text\">\u201eStimme, Entspannung und Gesundheit\u201c <\/span>weiterlesen<\/a><\/p>\n","protected":false},"author":1,"featured_media":0,"parent":0,"menu_order":2,"comment_status":"closed","ping_status":"closed","template":"","meta":{"footnotes":""},"class_list":["post-48","page","type-page","status-publish","hentry"],"_links":{"self":[{"href":"https:\/\/ichsingdannmalweg.de\/index.php?rest_route=\/wp\/v2\/pages\/48","targetHints":{"allow":["GET"]}}],"collection":[{"href":"https:\/\/ichsingdannmalweg.de\/index.php?rest_route=\/wp\/v2\/pages"}],"about":[{"href":"https:\/\/ichsingdannmalweg.de\/index.php?rest_route=\/wp\/v2\/types\/page"}],"author":[{"embeddable":true,"href":"https:\/\/ichsingdannmalweg.de\/index.php?rest_route=\/wp\/v2\/users\/1"}],"replies":[{"embeddable":true,"href":"https:\/\/ichsingdannmalweg.de\/index.php?rest_route=%2Fwp%2Fv2%2Fcomments&post=48"}],"version-history":[{"count":18,"href":"https:\/\/ichsingdannmalweg.de\/index.php?rest_route=\/wp\/v2\/pages\/48\/revisions"}],"predecessor-version":[{"id":1257,"href":"https:\/\/ichsingdannmalweg.de\/index.php?rest_route=\/wp\/v2\/pages\/48\/revisions\/1257"}],"wp:attachment":[{"href":"https:\/\/ichsingdannmalweg.de\/index.php?rest_route=%2Fwp%2Fv2%2Fmedia&parent=48"}],"curies":[{"name":"wp","href":"https:\/\/api.w.org\/{rel}","templated":true}]}}