{"id":79,"date":"2015-09-06T13:21:44","date_gmt":"2015-09-06T11:21:44","guid":{"rendered":"http:\/\/ichsingdannmalweg.de\/?page_id=79"},"modified":"2025-08-01T13:02:11","modified_gmt":"2025-08-01T11:02:11","slug":"workshops","status":"publish","type":"page","link":"https:\/\/ichsingdannmalweg.de\/?page_id=79","title":{"rendered":"Circle-Workshops und -Kurse"},"content":{"rendered":"<p><strong>Keine Vorkenntnisse erforderlich! &#8230;bei allen Workshops und Kursen!<\/strong><\/p>\n<p><strong><span style=\"color: #800000;\">Circlesingen in Speyer\u00a0<\/span><\/strong><br \/>\nVon 2014 \u00a0bis zur Pandemie gab es Kurse mit wechselnden Schwerpunkten an der <a href=\"http:\/\/www.speyer.de\/sv_speyer\/de\/Kultur\/Musikschule%20der%20Stadt%20Speyer\/Unterrichtsangebot\/Gesang\/\" target=\"_blank\" rel=\"noopener noreferrer\">Musikschule \u00a0der Stadt Speyer<\/a><\/p>\n<p><strong><img loading=\"lazy\" decoding=\"async\" class=\"wp-image-357 alignright\" src=\"http:\/\/ichsingdannmalweg.de\/wp-content\/uploads\/2016\/12\/DSCF5306_2-300x176.jpg\" alt=\"Circlesingen Speyer\" width=\"281\" height=\"165\" srcset=\"https:\/\/ichsingdannmalweg.de\/wp-content\/uploads\/2016\/12\/DSCF5306_2-300x176.jpg 300w, https:\/\/ichsingdannmalweg.de\/wp-content\/uploads\/2016\/12\/DSCF5306_2-768x451.jpg 768w, https:\/\/ichsingdannmalweg.de\/wp-content\/uploads\/2016\/12\/DSCF5306_2-1024x601.jpg 1024w, https:\/\/ichsingdannmalweg.de\/wp-content\/uploads\/2016\/12\/DSCF5306_2.jpg 1280w\" sizes=\"auto, (max-width: 281px) 100vw, 281px\" \/><\/strong>Endlich geht es nun wieder weiter. Zusammen mit Almut Fingerle leite ich den SpontanChor der sich an jedem Abend neu formiert. Wir singen ca. 1 mal im Monat an verschiedenen Orten in verschiedenen R\u00e4umen, an verschiedenen Orten.<br \/>\nWillkommen sind alle, die gerne singen, gerne wieder singen \u2013 oder gerne \u00fcberhaupt einmal singen m\u00f6chen!<br \/>\n<strong>Der Einstieg ist jederzeit und ohne Anmeldung m\u00f6glich. Vorkenntnisse sind nicht erforderlich. Es ist kein fortlaufender Kurs. Der Spontanchor bildet sich jedesmal neu. <\/strong><strong>Einfach vorbeikommen \u00a0und mitsingen!<br \/>\n<\/strong>Kostenloses Angebot der Musikschule!<br \/>\nTermine hier, oder auf der Homepage der Musikschule<\/p>\n<p><b><span style=\"color: #800000;\"><strong>KlangraumKirche<br \/>\n<\/strong><\/span><\/b><span style=\"color: #333333;\">Der SpontanChor singt Lieder aus aller Welt, Kanons und Circlesongs in ganz besonderer Atmosph\u00e4re. wir erforschen und genie\u00dfen die besondere Akustik in gro\u00dfen und kleinen Kirchen. In unregelm\u00e4\u00dfigen Abst\u00e4nden in der Ged\u00e4chtniskirche Speyer oder anderen Kirchen und Kapellen im in Speyer und Umgebung.\u00a0(Termine im Rahmen der monatlichen Reihe)<br \/>\nEin Angebot der Musikschule der Stadt Speyer<\/span><\/p>\n<p><b><strong><span style=\"color: #800000;\">Circles und\u00a0<\/span><\/strong><span style=\"color: #800000;\"><span style=\"caret-color: #800000;\">Impros<\/span><\/span><br \/>\n<\/b>Beim Wohnzimmercircle singen wir in einer kleinen Gruppe (Min. 6 \/ Max. 10 TN) etwas komplexere Harmonien und Rhythmen.<br \/>\nIn den einzelnen Stimmgruppen ist man vllt nur zu zweit oder auch mal alleine.<br \/>\nDies setzt sehr gute Intonation und Stimmsicherheit voraus. Gutes Timing und Rhythmusgef\u00fchl ist ebenfalls sehr wichtig..<br \/>\nMaximal 10 Personen passen in mein Wohnzimmer, daher ist eine <strong>vorherige Anmeldung dringend erforderlich <\/strong>\u00fcber <a href=\"mailto:info@juttabrandl.de\">info@juttabrandl.com<\/a>,<br \/>\nMein Wohnzimmer befindet sich in Schifferstadt. (Genaue Adresse bei Anmeldung) <a href=\"http:\/\/ichsingdannmalweg.de\/?page_id=36\" target=\"_blank\" rel=\"noopener noreferrer\">(Termine hier)<\/a><br \/>\n\u00dcber Spenden freue ich mich.<\/p>\n<p>&nbsp;<\/p>\n<p><b><\/b><b><span style=\"color: #800000;\">Circlesingen mit Freunden<br \/>\n<\/span><\/b><span style=\"color: #800000;\">z. Bsp. Rahmen einer (Geburtstags-)Feier\u00a0<\/span><b><br \/>\n<\/b>m\u00f6glich von 30min. &#8211; bis 3 Stunden (2&#215;1,5 Std mit Pause)<img loading=\"lazy\" decoding=\"async\" class=\"alignleft wp-image-1082 \" src=\"http:\/\/ichsingdannmalweg.de\/wp-content\/uploads\/2018\/10\/Privatcircle-2-2-150x150.jpg\" alt=\"\" width=\"189\" height=\"189\" srcset=\"https:\/\/ichsingdannmalweg.de\/wp-content\/uploads\/2018\/10\/Privatcircle-2-2-150x150.jpg 150w, https:\/\/ichsingdannmalweg.de\/wp-content\/uploads\/2018\/10\/Privatcircle-2-2-100x100.jpg 100w\" sizes=\"auto, (max-width: 189px) 100vw, 189px\" \/><br \/>\nAktiv mit Musik und viel Spass Zeit miteinander verbringen. Einfach zu lernende Lieder, vorgegebene (und je nach Improvisationslust auch eigene) Circlesongs. Ganz individuell an die Gruppe angepasst. Eine sch\u00f6ne Idee f\u00fcr Leute die gerne singen und nichts mehr zum &#8222;Hinstellen&#8220; brauchen.<br \/>\nKosten sind Zeit und Entfernungsabh\u00e4ngig. Termine nach Vereinbarung<\/p>\n<p><b><br \/>\n<\/b><a href=\"http:\/\/ichsingdannmalweg.de\/wp-content\/uploads\/2017\/08\/Circle7.png\"><img loading=\"lazy\" decoding=\"async\" class=\"size-thumbnail wp-image-618 alignleft\" src=\"http:\/\/ichsingdannmalweg.de\/wp-content\/uploads\/2017\/08\/Circle7-150x150.png\" alt=\"\" width=\"150\" height=\"150\" \/><\/a><br \/>\n<strong><b><\/b><span style=\"color: #800000;\">Circlesingen und Chorimprovisation<\/span><\/strong><br \/>\nHalbtags- Tages- oder Wochenend &#8211; Workshop (auch f\u00fcr Ch\u00f6re)<br \/>\nEin paar Stunden oder einen ganzen Tag lang wegfliegen mit Circlesongs und Improvisationslust! Nach einem ausf\u00fchrlichen Warm-up f\u00fcr K\u00f6rper und Stimme erfinden wir \u00fcber Call and reCall spontane Minimalmusik. Aus wiederholten einfach harmonisch-rhythmischen\u00a0 Mosaiksteinchen entstehen Circlesongs. Spontane Klangbilder, aus dem Stegreif. Canons und Chants begleiten uns dabei und werden je nach Vorraussetzungen der Teilnehmer in der Struktur mehr oder weniger aufgebrochen. So entsteht auch hier Neues. Verschiedenen \u00dcbungen f\u00fchren zum gemeinsamen Improvisieren. Der gemeinsamen Prozess steht im Mittelpunkt, ein perfektes Ergebnis ist dabei nicht so wichtig.\u00a0 Das Gef\u00fchl, als Teil einer Gruppe eine Musik des Augenblicks zu erschaffen ist ein kleiner Urlaub f\u00fcr den Kopf.\u00a0 Nach Bedarf kleine Pausen zwischendurch und Zeit zum Austausch untereinander.\u00a0 <a href=\"http:\/\/ichsingdannmalweg.de\/?page_id=36\" target=\"_blank\" rel=\"noopener noreferrer\">(Termine hier)<\/a><\/p>\n<div><\/div>\n<div>\n<p>&nbsp;<\/p>\n<\/div>\n","protected":false},"excerpt":{"rendered":"<p>Keine Vorkenntnisse erforderlich! &#8230;bei allen Workshops und Kursen! Circlesingen in Speyer\u00a0 Von 2014 \u00a0bis zur Pandemie gab es Kurse mit wechselnden Schwerpunkten an der Musikschule \u00a0der Stadt Speyer Endlich geht es nun wieder weiter. Zusammen mit Almut Fingerle leite ich den SpontanChor der sich an jedem Abend neu formiert. Wir singen ca. 1 mal im &hellip; <\/p>\n<p class=\"link-more\"><a href=\"https:\/\/ichsingdannmalweg.de\/?page_id=79\" class=\"more-link\"><span class=\"screen-reader-text\">\u201eCircle-Workshops und -Kurse\u201c <\/span>weiterlesen<\/a><\/p>\n","protected":false},"author":1,"featured_media":0,"parent":0,"menu_order":0,"comment_status":"closed","ping_status":"closed","template":"","meta":{"footnotes":""},"class_list":["post-79","page","type-page","status-publish","hentry"],"_links":{"self":[{"href":"https:\/\/ichsingdannmalweg.de\/index.php?rest_route=\/wp\/v2\/pages\/79","targetHints":{"allow":["GET"]}}],"collection":[{"href":"https:\/\/ichsingdannmalweg.de\/index.php?rest_route=\/wp\/v2\/pages"}],"about":[{"href":"https:\/\/ichsingdannmalweg.de\/index.php?rest_route=\/wp\/v2\/types\/page"}],"author":[{"embeddable":true,"href":"https:\/\/ichsingdannmalweg.de\/index.php?rest_route=\/wp\/v2\/users\/1"}],"replies":[{"embeddable":true,"href":"https:\/\/ichsingdannmalweg.de\/index.php?rest_route=%2Fwp%2Fv2%2Fcomments&post=79"}],"version-history":[{"count":109,"href":"https:\/\/ichsingdannmalweg.de\/index.php?rest_route=\/wp\/v2\/pages\/79\/revisions"}],"predecessor-version":[{"id":1929,"href":"https:\/\/ichsingdannmalweg.de\/index.php?rest_route=\/wp\/v2\/pages\/79\/revisions\/1929"}],"wp:attachment":[{"href":"https:\/\/ichsingdannmalweg.de\/index.php?rest_route=%2Fwp%2Fv2%2Fmedia&parent=79"}],"curies":[{"name":"wp","href":"https:\/\/api.w.org\/{rel}","templated":true}]}}